{"id":34792,"date":"2020-09-09T11:34:10","date_gmt":"2020-09-09T09:34:10","guid":{"rendered":"https:\/\/ribes.design\/conditions-generales\/"},"modified":"2024-01-17T12:12:26","modified_gmt":"2024-01-17T11:12:26","slug":"terms-and-conditions","status":"publish","type":"page","link":"https:\/\/ribes.design\/en\/terms-and-conditions\/","title":{"rendered":"Terms and Conditions"},"content":{"rendered":"\t\t<div data-elementor-type=\"wp-page\" data-elementor-id=\"34792\" class=\"elementor elementor-34792 elementor-29776\" data-elementor-post-type=\"page\">\n\t\t\t\t\t\t<section class=\"has_eae_slider elementor-section elementor-top-section elementor-element elementor-element-4bb39308 elementor-section-boxed elementor-section-height-default elementor-section-height-default\" data-eae-slider=\"5538\" data-id=\"4bb39308\" data-element_type=\"section\">\n\t\t\t\t\t\t<div class=\"elementor-container elementor-column-gap-no\">\n\t\t\t\t\t<div class=\"has_eae_slider elementor-column elementor-col-100 elementor-top-column elementor-element elementor-element-488351a9\" data-eae-slider=\"19597\" data-id=\"488351a9\" data-element_type=\"column\">\n\t\t\t<div class=\"elementor-widget-wrap elementor-element-populated\">\n\t\t\t\t\t\t<div class=\"elementor-element elementor-element-5005c2ea elementor-hidden-phone elementor-hidden-tablet elementor-widget elementor-widget-pth-elementor-section-headline\" data-id=\"5005c2ea\" data-element_type=\"widget\" data-widget_type=\"pth-elementor-section-headline.default\">\n\t\t\t\t<div class=\"elementor-widget-container\">\n\t\t\t\t\t\n\t\t\t<div class=\"pth-headline pth-headline--creative pth-headline--left\" style=\"\">\n\n\t\t\t\t\n\t\t\t\t\t\t\t\t\t<h2 data-bottom-top=\"transform: translate3d(0,-5%,0);\" data-top-bottom=\"transform: translate3d(0,50%,0);\">Law<\/h2>\n\t\t\t\t\n\t\t\t\t\n\t\t\t<\/div>\n\n\t\t\t\t\t\t<\/div>\n\t\t\t\t<\/div>\n\t\t\t\t<div class=\"elementor-element elementor-element-1c515d95 elementor-widget elementor-widget-pth-elementor-section-headline\" data-id=\"1c515d95\" data-element_type=\"widget\" data-widget_type=\"pth-elementor-section-headline.default\">\n\t\t\t\t<div class=\"elementor-widget-container\">\n\t\t\t\t\t\n\t\t\t<div class=\"pth-headline pth-headline--large pth-headline--left\" style=\"\">\n\n\t\t\t\t\n\t\t\t\t\t\t\t\t\t<h2 data-scroll>Terms and Conditions<\/h2>\n\t\t\t\t\n\t\t\t\t\n\t\t\t<\/div>\n\n\t\t\t\t\t\t<\/div>\n\t\t\t\t<\/div>\n\t\t\t\t<div class=\"elementor-element elementor-element-2b31f041 animated-fast elementor-invisible elementor-widget elementor-widget-heading\" data-id=\"2b31f041\" data-element_type=\"widget\" data-settings=\"{&quot;_animation&quot;:&quot;slideInUp&quot;}\" data-widget_type=\"heading.default\">\n\t\t\t\t<div class=\"elementor-widget-container\">\n\t\t\t\t\t<p class=\"elementor-heading-title elementor-size-default\">Legally, only the French terms and conditions apply, not the English translation.<\/p>\t\t\t\t<\/div>\n\t\t\t\t<\/div>\n\t\t\t\t\t<\/div>\n\t\t<\/div>\n\t\t\t\t\t<\/div>\n\t\t<\/section>\n\t\t\t\t<section class=\"has_eae_slider elementor-section elementor-top-section elementor-element elementor-element-9128328 elementor-section-boxed elementor-section-height-default elementor-section-height-default\" data-eae-slider=\"9561\" data-id=\"9128328\" data-element_type=\"section\">\n\t\t\t\t\t\t<div class=\"elementor-container elementor-column-gap-no\">\n\t\t\t\t\t<div class=\"has_eae_slider elementor-column elementor-col-100 elementor-top-column elementor-element elementor-element-4ca46d0\" data-eae-slider=\"42911\" data-id=\"4ca46d0\" data-element_type=\"column\">\n\t\t\t<div class=\"elementor-widget-wrap elementor-element-populated\">\n\t\t\t\t\t\t<div class=\"elementor-element elementor-element-262b19a elementor-widget elementor-widget-pth-elementor-accordion\" data-id=\"262b19a\" data-element_type=\"widget\" data-widget_type=\"pth-elementor-accordion.default\">\n\t\t\t\t<div class=\"elementor-widget-container\">\n\t\t\t\t\t\n\t\t\t<div class=\"pth-accordion\" style=\"\">\n\n\t\t\t\t\n\t\t\t\t\t<div class=\"pth-accordion__head\"><h5>Terms of the mandate<\/h5><\/div>\n\t\t\t\t\t<div class=\"pth-accordion__body\"><p>The following provisions regulate the relationship between the principal and Ribes Design S\u00e0rl. They are an integral part of the mandate.<\/p>\n<\/div>\n\n\t\t\t\t\n\t\t\t\t\t<div class=\"pth-accordion__head\"><h5>Written Form<\/h5><\/div>\n\t\t\t\t\t<div class=\"pth-accordion__body\"><p>Any deviation from these provisions must be the subject of a written agreement between the parties.<\/p>\n<\/div>\n\n\t\t\t\t\n\t\t\t\t\t<div class=\"pth-accordion__head\"><h5>Professional secrecy<\/h5><\/div>\n\t\t\t\t\t<div class=\"pth-accordion__body\"><p>Ribes Design S\u00e0rl undertakes to carry out the mandate entrusted to it in accordance with professional standards, diligently, and to the best of its professional judgment. Ribes Design S\u00e0rl is bound by professional secrecy regarding all sensitive information disclosed by the principal. Ribes Design S\u00e0rl commits to adhering to best practices.<\/p>\n<\/div>\n\n\t\t\t\t\n\t\t\t\t\t<div class=\"pth-accordion__head\"><h5>Copyright<\/h5><\/div>\n\t\t\t\t\t<div class=\"pth-accordion__body\"><p>The copyright being inalienable, the graphic works on all media created by Ribes Design S\u00e0rl belong to Ribes Design S\u00e0rl, and Ribes Design S\u00e0rl has the right to dispose of them freely, in accordance with the provisions of the Federal Law on Copyright and Related Rights. Consequently, the mandatary is not authorized to modify the design or details of the products outside of content without express permission from Ribes Design S\u00e0rl. Ribes Design S\u00e0rl has the right to assert its authorship by affixing its name or a distinctive sign on the produced media.<\/p>\n<p>The files will not be transmitted to third parties, except upon written request or unless otherwise agreed, to prevent any inappropriate use or infringement of intellectual property. The creations may be used by Ribes Design S\u00e0rl for marketing purposes to promote itself on the internet or other media.<\/p>\n<\/div>\n\n\t\t\t\t\n\t\t\t\t\t<div class=\"pth-accordion__head\"><h5>Mandates<\/h5><\/div>\n\t\t\t\t\t<div class=\"pth-accordion__body\"><p>The creations are the exclusive property of Ribes Design S\u00e0rl and may not, under any circumstances, be reproduced, modified, or used in other forms without written agreement.<\/p>\n<\/div>\n\n\t\t\t\t\n\t\t\t\t\t<div class=\"pth-accordion__head\"><h5>Execution of mandates<\/h5><\/div>\n\t\t\t\t\t<div class=\"pth-accordion__body\"><p>Mandates are carried out in partnership with the principal. Ribes Design S\u00e0rl undertakes to carry out work as closely as possible to the wishes of the principal without assuming, however, an obligation of results. Ribes Design S\u00e0rl also commits to providing the necessary advice to promote aesthetics, safety, compatibility, and compliance with codes in force in the positioning of the product. The choices of the principal are respected to the extent that technical possibilities allow.<\/p>\n<\/div>\n\n\t\t\t\t\n\t\t\t\t\t<div class=\"pth-accordion__head\"><h5>Material<\/h5><\/div>\n\t\t\t\t\t<div class=\"pth-accordion__body\"><p>The material provided to Ribes Design S\u00e0rl by the principal must be in the requested format. In the event that Ribes Design S\u00e0rl has to work on files provided by the principal, the working time will be invoiced. Damaged or incomplete material does not incur the responsibility of Ribes Design S\u00e0rl. The material is stored at Ribes Design S\u00e0rl at the risk and peril of the principal. Text sources will not be edited by Ribes Design S\u00e0rl. Ribes Design S\u00e0rl disclaims all responsibility for content and its formatting. This disclaimer also covers syntax, spelling, and vocabulary errors.<\/p>\n<\/div>\n\n\t\t\t\t\n\t\t\t\t\t<div class=\"pth-accordion__head\"><h5>Reproduction Rights<\/h5><\/div>\n\t\t\t\t\t<div class=\"pth-accordion__body\"><p>Ribes Design S\u00e0rl disclaims any responsibility regarding the copyright of documents provided by the principal. The principal declares to be the holder of usage and reproduction rights for all types of provided documents (texts, photos, illustrations, data, etc.)<\/p>\n<\/div>\n\n\t\t\t\t\n\t\t\t\t\t<div class=\"pth-accordion__head\"><h5>External Suppliers<\/h5><\/div>\n\t\t\t\t\t<div class=\"pth-accordion__body\"><p>As part of the mandate, Ribes Design S\u00e0rl may order services from third parties, on behalf and for the account of the principal, necessary for the completion of the project or any other document or material.<\/p>\n<\/div>\n\n\t\t\t\t\n\t\t\t\t\t<div class=\"pth-accordion__head\"><h5>Correction<\/h5><\/div>\n\t\t\t\t\t<div class=\"pth-accordion__body\"><p>Ribes Design S\u00e0rl includes in each mandate corrections to be made to ensure that the work meets the needs of the principal. These corrections are made according to the main direction chosen by the principal and agreed upon by both parties. In the event of a subsequent change in the order after an agreement on the main direction has been reached and it affects it, a new estimate will be established, and Ribes Design S\u00e0rl reserves the right to charge for the work already done as well as the expenses incurred (materials, subcontracting, etc.).<\/p>\n<\/div>\n\n\t\t\t\t\n\t\t\t\t\t<div class=\"pth-accordion__head\"><h5>Support<\/h5><\/div>\n\t\t\t\t\t<div class=\"pth-accordion__body\"><p>Ribes Design S\u00e0rl disclaims any responsibility in case of malfunction of the provided applications if the principal makes modifications. Ribes Design S\u00e0rl cannot be held responsible in case of hacking of the website. Ribes Design S\u00e0rl will correct malfunctions at its own responsibility within a period of sixty days after delivery. Ribes Design S\u00e0rl ensures optimal responsiveness during the first two months.<\/p>\n<\/div>\n\n\t\t\t\t\n\t\t\t\t\t<div class=\"pth-accordion__head\"><h5>Refusal of Delivery<\/h5><\/div>\n\t\t\t\t\t<div class=\"pth-accordion__body\"><p>In the event that the principal refuses to take delivery, Ribes Design S\u00e0rl invoices for all work completed and expenses incurred. Ribes Design S\u00e0rl archives and retains the work done at the expense and risk of the principal.<\/p>\n<\/div>\n\n\t\t\t\t\n\t\t\t\t\t<div class=\"pth-accordion__head\"><h5>Data<\/h5><\/div>\n\t\t\t\t\t<div class=\"pth-accordion__body\"><p>Ribes Design S\u00e0rl does not assume any responsibility for data loss. A backup must be maintained by the principal.<\/p>\n<\/div>\n\n\t\t\t\t\n\t\t\t\t\t<div class=\"pth-accordion__head\"><h5>Fees<\/h5><\/div>\n\t\t\t\t\t<div class=\"pth-accordion__body\"><p>An estimated quote is submitted to the principal. Surcharges resulting from changes (modification of orders, price variations due to inflation, price variation due to the emergence of additional constraints) will be notified to the principal in a timely manner. Ribes Design S\u00e0rl provides documentation for all modifications.<\/p>\n<\/div>\n\n\t\t\t\t\n\t\t\t\t\t<div class=\"pth-accordion__head\"><h5>Reduction or Cancellation<\/h5><\/div>\n\t\t\t\t\t<div class=\"pth-accordion__body\"><p>Fees are payable to Ribes Design S\u00e0rl for each phase of work. In the event of a reduction or cancellation of the order, Ribes Design S\u00e0rl is entitled to fees for work already completed and expenses incurred. Ribes Design S\u00e0rl is entitled to compensation for any other damages resulting from the cancellation of the order and to use its work for other purposes.<\/p>\n<\/div>\n\n\t\t\t\t\n\t\t\t\t\t<div class=\"pth-accordion__head\"><h5>Final Bill<\/h5><\/div>\n\t\t\t\t\t<div class=\"pth-accordion__body\"><p>For the calculation of its services, Ribes Design S\u00e0rl establishes the final bill based on the estimated quote and any price modifications communicated to the client throughout the entire duration of the mandate.<\/p>\n<\/div>\n\n\t\t\t\t\n\t\t\t\t\t<div class=\"pth-accordion__head\"><h5>Payment Terms<\/h5><\/div>\n\t\t\t\t\t<div class=\"pth-accordion__body\"><p>Ribes Design S\u00e0rl issues its invoice at the end of the mandate. The payment period is set at 30 days without any retention. For estimates exceeding CHF 2000.\u2013 or extending over more than thirty days, a 50% deposit is required upon contract signing. Ribes Design S\u00e0rl reserves the right to terminate the contract with immediate effect if the principal does not comply with these conditions.<\/p>\n<\/div>\n\n\t\t\t\t\n\t\t\t\t\t<div class=\"pth-accordion__head\"><h5>Legal Provisions<\/h5><\/div>\n\t\t\t\t\t<div class=\"pth-accordion__body\"><p>Swiss law is applicable to the relations between the principal and Ribes Design S\u00e0rl. In the absence of specific provisions contained in these conditions, the provisions of the Swiss Code of Obligations (CO), art. 394 et seq. regarding simple mandate, apply.<\/p>\n<\/div>\n\n\t\t\t\t\n\t\t\t\t\t<div class=\"pth-accordion__head\"><h5>Conclusion<\/h5><\/div>\n\t\t\t\t\t<div class=\"pth-accordion__body\"><p>Any dealings with Ribes Design S\u00e0rl imply the acknowledgment by the principal of these conditions, which are signed at the time of contract conclusion.<\/p>\n<\/div>\n\n\t\t\t\t\n\t\t\t<\/div>\n\n\t\t\t\t\t\t<\/div>\n\t\t\t\t<\/div>\n\t\t\t\t<div class=\"elementor-element elementor-element-7be8e0d elementor-headline--style-highlight elementor-widget elementor-widget-animated-headline\" data-id=\"7be8e0d\" data-element_type=\"widget\" data-settings=\"{&quot;marker&quot;:&quot;underline&quot;,&quot;highlighted_text&quot;:&quot;communication&quot;,&quot;headline_style&quot;:&quot;highlight&quot;,&quot;loop&quot;:&quot;yes&quot;,&quot;highlight_animation_duration&quot;:1200,&quot;highlight_iteration_delay&quot;:8000}\" data-widget_type=\"animated-headline.default\">\n\t\t\t\t<div class=\"elementor-widget-container\">\n\t\t\t\t\t\t\t<h3 class=\"elementor-headline\">\n\t\t\t\t\t<span class=\"elementor-headline-plain-text elementor-headline-text-wrapper\">The most important thing in<\/span>\n\t\t\t\t<span class=\"elementor-headline-dynamic-wrapper elementor-headline-text-wrapper\">\n\t\t\t\t\t<span class=\"elementor-headline-dynamic-text elementor-headline-text-active\">communication<\/span>\n\t\t\t\t<\/span>\n\t\t\t\t\t<span class=\"elementor-headline-plain-text elementor-headline-text-wrapper\">is to hear what is not said.<\/span>\n\t\t\t\t\t<\/h3>\n\t\t\t\t\t\t<\/div>\n\t\t\t\t<\/div>\n\t\t\t\t\t<\/div>\n\t\t<\/div>\n\t\t\t\t\t<\/div>\n\t\t<\/section>\n\t\t\t\t<\/div>\n\t\t","protected":false},"excerpt":{"rendered":"<p>Law Terms and Conditions Legally, only the French terms and conditions apply, not the English translation. Terms of the mandate&hellip; <a class=\"more-link\" href=\"https:\/\/ribes.design\/en\/terms-and-conditions\/\">Read more &raquo;<\/a><\/p>\n","protected":false},"author":1,"featured_media":29124,"parent":0,"menu_order":0,"comment_status":"closed","ping_status":"closed","template":"","meta":{"footnotes":""},"class_list":["post-34792","page","type-page","status-publish","has-post-thumbnail","hentry"],"_links":{"self":[{"href":"https:\/\/ribes.design\/en\/wp-json\/wp\/v2\/pages\/34792","targetHints":{"allow":["GET"]}}],"collection":[{"href":"https:\/\/ribes.design\/en\/wp-json\/wp\/v2\/pages"}],"about":[{"href":"https:\/\/ribes.design\/en\/wp-json\/wp\/v2\/types\/page"}],"author":[{"embeddable":true,"href":"https:\/\/ribes.design\/en\/wp-json\/wp\/v2\/users\/1"}],"replies":[{"embeddable":true,"href":"https:\/\/ribes.design\/en\/wp-json\/wp\/v2\/comments?post=34792"}],"version-history":[{"count":0,"href":"https:\/\/ribes.design\/en\/wp-json\/wp\/v2\/pages\/34792\/revisions"}],"wp:featuredmedia":[{"embeddable":true,"href":"https:\/\/ribes.design\/en\/wp-json\/wp\/v2\/media\/29124"}],"wp:attachment":[{"href":"https:\/\/ribes.design\/en\/wp-json\/wp\/v2\/media?parent=34792"}],"curies":[{"name":"wp","href":"https:\/\/api.w.org\/{rel}","templated":true}]}}